{"id":205,"date":"2012-07-04T11:05:24","date_gmt":"2012-07-04T09:05:24","guid":{"rendered":"http:\/\/blog.asafety.fr\/?page_id=205"},"modified":"2013-05-11T12:01:14","modified_gmt":"2013-05-11T10:01:14","slug":"unlockas","status":"publish","type":"page","link":"https:\/\/www.asafety.fr\/en\/projects\/unlockas\/","title":{"rendered":"UnLockAS"},"content":{"rendered":"<blockquote><p>J&#8217;ai perdu mon mot de passe de mon logiciel, que faire?<\/p>\n<ul>\n<li>Retrouver mon mot de passe<\/li>\n<li>D\u00e9sactiver le mot de passe<\/li>\n<li>R\u00e9initialiser le mot de passe<\/li>\n<\/ul>\n<\/blockquote>\n<p>L&#8217;outil UnLockAS d&#8217;ASafety est un petit utilitaire qui<strong> r\u00e9v\u00e8le, d\u00e9sactive ou r\u00e9initialise les mots de passe<\/strong>\u00a0de nombreux logiciels de s\u00e9curit\u00e9 tels que les antivirus, les firewalls, les logiciels de protection d&#8217;acc\u00e8s aux donn\u00e9es, les logiciels de contr\u00f4le-parental, les anti-keyloggers et bien d&#8217;autres&#8230;<\/p>\n<p>Que faire lorsque vous ne pouvez plus g\u00e9rer votre propre logiciel de contr\u00f4le parental, acc\u00e9der \u00e0 vos donn\u00e9es personnelles prot\u00e9g\u00e9es, ou encore modifier les param\u00e8tres de votre syst\u00e8me, car un mot de passe que vous avez perdu ou oubli\u00e9 vous est demand\u00e9? UnLockAS est la solution \u00e0 ces inconv\u00e9nients.<\/p>\n<p>UnLockAS est <strong>gratuit<\/strong> et destin\u00e9 au grand public. Chacun peut l&#8217;utiliser en totale libert\u00e9 sur<strong> ses propres machines et ses propres syst\u00e8mes de protection<\/strong>. Il n&#8217;est en <strong>aucun cas vou\u00e9 \u00e0 la vente<\/strong> et ne peut \u00eatre utilis\u00e9 sur des syst\u00e8mes dont vous n&#8217;\u00eates pas le propri\u00e9taire.<\/p>\n<p>ASafety d\u00e9gage toutes responsabilit\u00e9s quant \u00e0 l&#8217;utilisation de cet outil et aux d\u00e9rives qui pourraient en d\u00e9couler. UnLockAS est un utilitaire visant \u00e0 aider les utilisateurs qui ont perdu\/oubli\u00e9 leur mot de passe de leur syst\u00e8me de protection.<\/p>\n<blockquote><p>UnLockAS tool from ASafety is a small utility that reveals, disables or resets the passwords stored on your computer by many security software like antivirus, data access protector, firewall, parental-control, anti-keylogger and many others&#8230;<\/p>\n<p>UnLockAS is released as freeware. You are allowed to freely use it at your home on your personnal security protection. However, you are not allowed to make profit from this software or use it on systems that are not yours.<\/p>\n<p>This utility is a help to those who have lost their password.<\/p><\/blockquote>\n<p>UnLockAS s&#8217;utilise au travers de la console DOS de Windows (cmd.exe). Il dispose de plusieurs arguments de lancement :<\/p>\n<div id=\"attachment_210\" style=\"width: 310px\" class=\"wp-caption aligncenter\"><a href=\"https:\/\/www.asafety.fr\/wp-content\/uploads\/UnLockASv1.0.png\" target=\"_blank\"><img loading=\"lazy\" decoding=\"async\" aria-describedby=\"caption-attachment-210\" class=\"size-medium wp-image-210\" title=\"UnLockAS v1.0\" src=\"https:\/\/www.asafety.fr\/wp-content\/uploads\/UnLockASv1.0-300x130.png\" alt=\"UnLockAS v1.0\" width=\"300\" height=\"130\" srcset=\"https:\/\/www.asafety.fr\/wp-content\/uploads\/UnLockASv1.0-300x130.png 300w, https:\/\/www.asafety.fr\/wp-content\/uploads\/UnLockASv1.0.png 677w\" sizes=\"auto, (max-width: 300px) 100vw, 300px\" \/><\/a><p id=\"caption-attachment-210\" class=\"wp-caption-text\">UnLockAS v1.0<\/p><\/div>\n<p>En fonction des solutions logicielles de s\u00e9curit\u00e9 que UnLockAS prend en compte, il est possible de :<\/p>\n<ul>\n<li>Extraire le mot de passe ma\u00eetre d&#8217;un logiciel, sous sa forme chiffr\u00e9e\/hach\u00e9e ou d\u00e9chiffr\u00e9e si l&#8217;algorithme s&#8217;av\u00e8re simple (option &#8220;-e&#8221;).<\/li>\n<li>D\u00e9sactiver les demandes de mots de passes des logiciels prot\u00e9g\u00e9s.<\/li>\n<li>R\u00e9initialiser le mot de passe du logiciel sans avoir connaissance du pr\u00e9c\u00e9dent (perdu ou oubli\u00e9) avec un mot de passe par d\u00e9faut &#8220;asafety&#8221; (option &#8220;-f&#8221;).<\/li>\n<\/ul>\n<p>UnLockAS analyse votre syst\u00e8me \u00e0 partir de sa base de donn\u00e9es pour identifier les solutions de s\u00e9curit\u00e9 que vous avez install\u00e9e (option &#8220;-i&#8221;).<\/p>\n<p>La liste compl\u00e8te des logiciels pris en compte par UnLockAS, tri\u00e9s par cat\u00e9gories, noms, \u00e9diteurs et versions, est disponible avec l&#8217;option &#8220;-l&#8221;.<\/p>\n<p>La version 1.0 d&#8217;UnLockAS prend en compte les logiciels de s\u00e9curit\u00e9 suivants :<\/p>\n<blockquote><p><strong>[+] Category : Anti Keylogger<\/strong><\/p>\n<ul>\n<li>[01] &#8211; Anti-Keylogger Elite &lt;= 3.3.3\u00a0[iSecSoft Inc. &#8211; www.remove-keyloggers.com]<\/li>\n<\/ul>\n<p><strong>[+] Category : Antivirus software<\/strong><\/p>\n<ul>\n<li>[02] &#8211; ESET Nod32 2.X\u00a0[ESET &#8211; www.eset.com] (<a title=\"Demonstration\" href=\"https:\/\/www.youtube.com\/watch?v=YZLXJloJhbs\" target=\"_blank\">Video<\/a>)<\/li>\n<li>[03] &#8211; ESET Nod32 3.X\u00a0[ESET &#8211; www.eset.com] (<a title=\"Demonstration\" href=\"https:\/\/www.youtube.com\/watch?v=CZUMmkGZwlM\" target=\"_blank\">Video<\/a>)<\/li>\n<li>[04] &#8211; ESET Smart Security &lt;= 5.2.9.12\u00a0[ESET &#8211; www.eset.com] (<em>not finished<\/em>)<\/li>\n<\/ul>\n<p><strong>[+] Category : Firewall software<\/strong><\/p>\n<ul>\n<li>[05] &#8211; Access Administrator &lt;= 5.1\u00a0[Ixis Research Ltd. &#8211; www.softheap.com] (<a title=\"Demonstration\" href=\"https:\/\/www.youtube.com\/watch?v=d3iT0Oaw-UM\" target=\"_blank\">Video<\/a>)<\/li>\n<\/ul>\n<p><strong>[+] Category : Parental Control software<\/strong><\/p>\n<ul>\n<li>[06] &#8211; Anti-Porn &lt;= 17.8.5.25\u00a0[tuEagles &#8211; www.tueagles.com]<\/li>\n<li>[07] &#8211; Internet Lock &lt;= 5.3.1\u00a0[TopLang &#8211; www.toplang.com]<\/li>\n<li>[08] &#8211; Internet Password Lock &lt;= 9.1.0\u00a0[David Leithauser &#8211; leithauserresearch.com]<\/li>\n<\/ul>\n<p><strong>[+] Category : Password protection of access to software<\/strong><\/p>\n<ul>\n<li>[09] &#8211; Password Door &lt;= 8.3.2\u00a0[TopLang &#8211; www.toplang.com]<\/li>\n<\/ul>\n<p><strong>[+] Category : Protection software data access (file, folder and\/or hdd)<\/strong><\/p>\n<ul>\n<li>[10] &#8211; 1st Disk Drive Protector &lt;= 3.7\u00a0[F-Key Solutions &#8211; www.emailarms.com] (<a title=\"Demonstration\" href=\"https:\/\/www.youtube.com\/watch?v=9JncH_FuJmk\" target=\"_blank\">Video<\/a>)<\/li>\n<li>[11] &#8211; DirLock &lt;= 1.4\u00a0[Emon &#8211; n\/a]<\/li>\n<li>[12] &#8211; Encrypt My Folder 1.2\u00a0[QKsoft &#8211; www.qksoft.com] (<a title=\"Demonstration\" href=\"https:\/\/www.youtube.com\/watch?v=amILTCokASo\" target=\"_blank\">Video<\/a>)<\/li>\n<li>[13] &#8211; File and Folder Protector &lt;= 3.5\u00a0[Ixis Research Ltd. &#8211; www.softheap.com] (<a title=\"Demonstration\" href=\"https:\/\/www.youtube.com\/watch?v=djCxlLI2cng\" target=\"_blank\">Video<\/a>)<\/li>\n<li>[14] &#8211; Hide Folders XP &lt;= 2.5.3.321\u00a0[FSPro Labs &#8211; www.fsprolabs.com] (<a title=\"Demonstration\" href=\"https:\/\/www.youtube.com\/watch?v=x0s6FgHLQ1o\" target=\"_blank\">Video<\/a>)<\/li>\n<li>[15] &#8211; Hide My Drives | Hide &amp; Lock Disk Drives &lt;= 1.5\u00a0[Ixis Research Ltd. &#8211; www.softkeeper.com] (<a title=\"Demonstration\" href=\"https:\/\/www.youtube.com\/watch?v=9JncH_FuJmk\" target=\"_blank\">Video<\/a>)<\/li>\n<li>[16] &#8211; Lock Folder XP &lt;= 3.9.2\u00a0[EverStrike &#8211; www.everstrike.com] (<a title=\"Demonstration\" href=\"https:\/\/www.youtube.com\/watch?v=UAGgyicFSjM\" target=\"_blank\">Video<\/a>)<\/li>\n<li>[17] &#8211; Lock My Folder &lt;= 1.2.3\u00a0[QKsoft &#8211; www.qksoft.com] (<a title=\"Demonstration\" href=\"https:\/\/www.youtube.com\/watch?v=sbV1XjKhrNU\" target=\"_blank\">Video<\/a>)<\/li>\n<li>[18] &#8211; Lock My PC 3.X\u00a0[FSPro Labs &#8211; www.fsprolabs.com]<\/li>\n<li>[19] &#8211; Lock My PC &lt;= 4.X (up to 4.9.2.905)\u00a0[FSPro Labs &#8211; www.fsprolabs.com] (<a title=\"Demonstration\" href=\"https:\/\/www.youtube.com\/watch?v=OxpjCVmutGA\" target=\"_blank\">Video<\/a>)<\/li>\n<li>[20] &#8211; MySecretFolder &lt;= 4.4\u00a0[WinAbility &#8211; www.winability.com] (<a title=\"Demonstration\" href=\"https:\/\/www.youtube.com\/watch?v=5pMyzzHRYcU\" target=\"_blank\">Video<\/a>)<\/li>\n<li>[21] &#8211; PC Security &#8482; &lt;= 6.4\u00a0[Tropical Software &#8211; www.tropsoft.com] (<a title=\"Demonstration\" href=\"https:\/\/www.youtube.com\/watch?v=7rQK2jvcKIc\" target=\"_blank\">Video<\/a>)<\/li>\n<li>[22] &#8211; Prophet protector 1.0\u00a0[Prophet Soft &#8211; www.prophet-soft.org] (<a title=\"Demonstration\" href=\"https:\/\/www.youtube.com\/watch?v=ZO5SGUpAmlI\" target=\"_blank\">Video<\/a>)<\/li>\n<li>[23] &#8211; Supreme Folder Hider &lt;= 1.8\u00a0[FilehidingSoftware &#8211; www.filehidingsoftware.com] (<a title=\"Demonstration\" href=\"https:\/\/www.youtube.com\/watch?v=7ssi-KIMBlc\" target=\"_blank\">Video<\/a>)<\/li>\n<\/ul>\n<\/blockquote>\n<p>Chaque logiciel est attribu\u00e9 \u00e0 un identifiant num\u00e9rique. La plupart de ces solutions de s\u00e9curit\u00e9 ont \u00e9t\u00e9 test\u00e9es avec UnLockAS sous un environnement <strong>Windows XP<\/strong> et <strong>Windows 7<\/strong>. Certains d&#8217;entre eux disposent d&#8217;une <strong>vid\u00e9o de d\u00e9monstration<\/strong>, disponibles sur la <a title=\"Cha\u00eene Youtube d'ASafety\" href=\"https:\/\/www.youtube.com\/channel\/UC6FLITDoH3rlhLgazowCN9Q\" target=\"_blank\">cha\u00eene Youtube d&#8217;ASafety<\/a>.<\/p>\n<p>Bon nombre de logiciels de s\u00e9curit\u00e9 sont en cours d&#8217;analyse. De nouvelles versions d&#8217;UnLockAS\u00a0appara\u00eetront\u00a0avec ces nouvelles int\u00e9grations.<\/p>\n<p>Si un logiciel de s\u00e9curit\u00e9 ne figure pas dans la liste, n&#8217;h\u00e9sitez pas \u00e0 prendre <a title=\"Nous contacter !\" href=\"https:\/\/www.asafety.fr\/contact\/\" target=\"_blank\">contact<\/a> avec l&#8217;\u00e9quipe d&#8217;ASafety pour \u00e9valuer sa potentielle int\u00e9gration.<\/p>\n<p style=\"text-align: center;\"><strong>T\u00e9l\u00e9charger UnLockAS v1.0 ici (<em>Download UnLockAS v1.0 here<\/em>) ! (Prochainement)<\/strong><\/p>\n","protected":false},"excerpt":{"rendered":"<p>J&#8217;ai perdu mon mot de passe de mon logiciel, que faire? Retrouver mon mot de passe D\u00e9sactiver le mot de [&hellip;]<\/p>\n","protected":false},"author":1337,"featured_media":0,"parent":13,"menu_order":5,"comment_status":"open","ping_status":"open","template":"","meta":{"footnotes":""},"class_list":["post-205","page","type-page","status-publish","hentry"],"_links":{"self":[{"href":"https:\/\/www.asafety.fr\/en\/wp-json\/wp\/v2\/pages\/205","targetHints":{"allow":["GET"]}}],"collection":[{"href":"https:\/\/www.asafety.fr\/en\/wp-json\/wp\/v2\/pages"}],"about":[{"href":"https:\/\/www.asafety.fr\/en\/wp-json\/wp\/v2\/types\/page"}],"author":[{"embeddable":true,"href":"https:\/\/www.asafety.fr\/en\/wp-json\/wp\/v2\/users\/1337"}],"replies":[{"embeddable":true,"href":"https:\/\/www.asafety.fr\/en\/wp-json\/wp\/v2\/comments?post=205"}],"version-history":[{"count":25,"href":"https:\/\/www.asafety.fr\/en\/wp-json\/wp\/v2\/pages\/205\/revisions"}],"predecessor-version":[{"id":887,"href":"https:\/\/www.asafety.fr\/en\/wp-json\/wp\/v2\/pages\/205\/revisions\/887"}],"up":[{"embeddable":true,"href":"https:\/\/www.asafety.fr\/en\/wp-json\/wp\/v2\/pages\/13"}],"wp:attachment":[{"href":"https:\/\/www.asafety.fr\/en\/wp-json\/wp\/v2\/media?parent=205"}],"curies":[{"name":"wp","href":"https:\/\/api.w.org\/{rel}","templated":true}]}}