{"id":241,"date":"2012-07-12T02:01:34","date_gmt":"2012-07-12T00:01:34","guid":{"rendered":"http:\/\/blog.asafety.fr\/?page_id=241"},"modified":"2015-11-11T16:56:40","modified_gmt":"2015-11-11T14:56:40","slug":"cryptas","status":"publish","type":"page","link":"https:\/\/www.asafety.fr\/en\/cryptas\/","title":{"rendered":"Crypto Online"},"content":{"rendered":"<p>Chiffrage \/ Hachage \u00e0 la vol\u00e9e, algorithme sym\u00e9trique, asym\u00e9trique, cl\u00e9 secr\u00e8te, cl\u00e9 publique? Vous avez entendu ces termes quelques part, sans savoir \u00e0 quoi ils correspondent ni comment utiliser simplement ces &#8220;m\u00e9thodes de cryptographie&#8221;&#8230; <\/p>\n<p>Probl\u00e8me r\u00e9solu! Voici l&#8217;un des outils en ligne d&#8217;Anti-Security, permettant un chiffrage et d\u00e9chiffrage \u00e0 la vol\u00e9e d&#8217;apr\u00e8s bon nombre d&#8217;algorithmes. Les plus r\u00e9pandus sont bien s\u00fbr pr\u00e9sents comme le &#8220;Message Digest 5&#8221;, &#8220;Secure Hash Algorithme&#8221; ou encore &#8220;Base64&#8221; ainsi que &#8220;Data Encryption Standard&#8221; et bien d&#8217;autres&#8230; <\/p>\n<p>Le fonctionnement est simple, renseignez l&#8217;un des champs de cette page par la forme chiffr\u00e9e d&#8217;un message (en respectant le champ ad\u00e9quat pour l&#8217;algorithme ad\u00e9quat) et visionnez instantan\u00e9ment le r\u00e9sultat dans les autres champs et en &#8220;clair&#8221;.<br \/>\nIl est logique que les fonctions de hachages ne vous fournissent pas la valeur en &#8220;clair&#8221; \u00e9tant des fonctions \u00e0 sens unique. C&#8217;est pourquoi est int\u00e9gr\u00e9 \u00e0 cette page un syst\u00e8me de recherche du message en clair (plaintext) correspondant aux hashs g\u00e9n\u00e9r\u00e9s par divers algorithmes. <\/p>\n<p><\/p>","protected":false},"excerpt":{"rendered":"<p>Chiffrage \/ Hachage \u00e0 la vol\u00e9e, algorithme sym\u00e9trique, asym\u00e9trique, cl\u00e9 secr\u00e8te, cl\u00e9 publique? Vous avez entendu ces termes quelques part, [&hellip;]<\/p>\n","protected":false},"author":1337,"featured_media":0,"parent":0,"menu_order":0,"comment_status":"open","ping_status":"open","template":"","meta":{"footnotes":""},"class_list":["post-241","page","type-page","status-publish","hentry"],"_links":{"self":[{"href":"https:\/\/www.asafety.fr\/en\/wp-json\/wp\/v2\/pages\/241","targetHints":{"allow":["GET"]}}],"collection":[{"href":"https:\/\/www.asafety.fr\/en\/wp-json\/wp\/v2\/pages"}],"about":[{"href":"https:\/\/www.asafety.fr\/en\/wp-json\/wp\/v2\/types\/page"}],"author":[{"embeddable":true,"href":"https:\/\/www.asafety.fr\/en\/wp-json\/wp\/v2\/users\/1337"}],"replies":[{"embeddable":true,"href":"https:\/\/www.asafety.fr\/en\/wp-json\/wp\/v2\/comments?post=241"}],"version-history":[{"count":19,"href":"https:\/\/www.asafety.fr\/en\/wp-json\/wp\/v2\/pages\/241\/revisions"}],"predecessor-version":[{"id":1735,"href":"https:\/\/www.asafety.fr\/en\/wp-json\/wp\/v2\/pages\/241\/revisions\/1735"}],"wp:attachment":[{"href":"https:\/\/www.asafety.fr\/en\/wp-json\/wp\/v2\/media?parent=241"}],"curies":[{"name":"wp","href":"https:\/\/api.w.org\/{rel}","templated":true}]}}